{"id":17,"date":"2025-11-22T13:25:55","date_gmt":"2025-11-22T12:25:55","guid":{"rendered":"https:\/\/www.rawetzel.de\/wordpress-new\/contact-us\/"},"modified":"2026-02-01T14:36:48","modified_gmt":"2026-02-01T13:36:48","slug":"kontakt","status":"publish","type":"page","link":"https:\/\/www.rawetzel.de\/wordpress-new\/kontakt\/","title":{"rendered":"Kontakt"},"content":{"rendered":"\t\t<div data-elementor-type=\"wp-page\" data-elementor-id=\"17\" class=\"elementor elementor-17\" data-elementor-post-type=\"page\">\n\t\t\t\t<div class=\"elementor-element elementor-element-24c16cf6 e-flex e-con-boxed e-con e-parent\" data-id=\"24c16cf6\" data-element_type=\"container\" data-e-type=\"container\">\n\t\t\t\t\t<div class=\"e-con-inner\">\n\t\t<div class=\"elementor-element elementor-element-71f79242 e-con-full e-flex e-con e-child\" data-id=\"71f79242\" data-element_type=\"container\" data-e-type=\"container\">\n\t\t\t\t<div class=\"elementor-element elementor-element-4083a1f8 elementor-invisible elementor-widget elementor-widget-heading\" data-id=\"4083a1f8\" data-element_type=\"widget\" data-e-type=\"widget\" data-settings=\"{&quot;_animation&quot;:&quot;fadeIn&quot;}\" data-widget_type=\"heading.default\">\n\t\t\t\t\t<h2 class=\"elementor-heading-title elementor-size-default\">Vertrauensvoll ins<\/h2>\t\t\t\t<\/div>\n\t\t\t\t<div class=\"elementor-element elementor-element-c45dc90 elementor-invisible elementor-widget elementor-widget-heading\" data-id=\"c45dc90\" data-element_type=\"widget\" data-e-type=\"widget\" data-settings=\"{&quot;_animation&quot;:&quot;fadeIn&quot;}\" data-widget_type=\"heading.default\">\n\t\t\t\t\t<h2 class=\"elementor-heading-title elementor-size-default\">Gespr\u00e4ch kommen<\/h2>\t\t\t\t<\/div>\n\t\t\t\t<\/div>\n\t\t<div class=\"elementor-element elementor-element-68890400 e-con-full e-flex e-con e-child\" data-id=\"68890400\" data-element_type=\"container\" data-e-type=\"container\" data-settings=\"{&quot;background_background&quot;:&quot;classic&quot;}\">\n\t\t\t\t<div class=\"elementor-element elementor-element-242195b elementor-widget elementor-widget-text-editor\" data-id=\"242195b\" data-element_type=\"widget\" data-e-type=\"widget\" data-widget_type=\"text-editor.default\">\n\t\t\t\t\t\t\t\t\t<p><strong><em>Dr. Wetzel | Die Rechtsanwaltskanzlei<\/em><\/strong><br \/>Sankt-Ulrich-Stra\u00dfe 38 | 88662 \u00dcberlingen<\/p><p><strong><em>Telefon<\/em><\/strong> <a href=\"tel:0049755195350\">+49 7551 9535-0<\/a><br \/><em><strong>Fax<\/strong> <\/em>+49 7551 953525<br \/><em><strong>E-Mail<\/strong><\/em> <a href=\"mailto:anwaelte@rawetzel.de\">anwaelte@rawetzel.de<\/a><\/p>\t\t\t\t\t\t\t\t<\/div>\n\t\t\t\t<\/div>\n\t\t\t\t\t<\/div>\n\t\t\t\t<\/div>\n\t\t<div class=\"elementor-element elementor-element-e4c4fa2 e-flex e-con-boxed e-con e-parent\" data-id=\"e4c4fa2\" data-element_type=\"container\" data-e-type=\"container\">\n\t\t\t\t\t<div class=\"e-con-inner\">\n\t\t<div class=\"elementor-element elementor-element-d86fc04 e-con-full e-flex e-con e-child\" data-id=\"d86fc04\" data-element_type=\"container\" data-e-type=\"container\">\n\t\t\t\t<div class=\"elementor-element elementor-element-2cbc3f1 elementor-widget elementor-widget-html\" data-id=\"2cbc3f1\" data-element_type=\"widget\" data-e-type=\"widget\" data-widget_type=\"html.default\">\n\t\t\t\t\t<iframe src=\"https:\/\/www.google.com\/maps\/embed?pb=!1m18!1m12!1m3!1d2681.9145090318807!2d9.16796837766374!3d47.76371257120465!2m3!1f0!2f0!3f0!3m2!1i1024!2i768!4f13.1!3m3!1m2!1s0x479a593ab70a690b%3A0x8874efc610edcbcd!2sSankt-Ulrich-Stra%C3%9Fe%2068%2C%2088662%20%C3%9Cberlingen!5e0!3m2!1sde!2sde!4v1763822984059!5m2!1sde!2sde\" width=\"100%\" height=\"600\" style=\"border:0;\" allowfullscreen=\"\" loading=\"lazy\" referrerpolicy=\"no-referrer-when-downgrade\"><\/iframe>\t\t\t\t<\/div>\n\t\t\t\t<\/div>\n\t\t<div class=\"elementor-element elementor-element-44da13a e-con-full e-flex e-con e-child\" data-id=\"44da13a\" data-element_type=\"container\" data-e-type=\"container\" data-settings=\"{&quot;background_background&quot;:&quot;classic&quot;}\">\n\t\t\t\t<div class=\"elementor-element elementor-element-79db292 elementor-widget elementor-widget-text-editor\" data-id=\"79db292\" data-element_type=\"widget\" data-e-type=\"widget\" data-widget_type=\"text-editor.default\">\n\t\t\t\t\t\t\t\t\t<p><em><strong>Zu diesen Zeiten erreichen Sie uns telefonisch<\/strong><\/em><br \/>Montag bis Donnerstag 08:30 \u2013 12:30 Uhr | 13:30 \u2013 17:00 Uhr<br \/>Freitag 08:30 \u2013 12:30 Uhr<\/p><p><strong>Beratungstermine vereinbaren wir gerne individuell.<\/strong><\/p>\t\t\t\t\t\t\t\t<\/div>\n\t\t\t\t<div class=\"elementor-element elementor-element-ac87cf3 elementor-widget elementor-widget-text-editor\" data-id=\"ac87cf3\" data-element_type=\"widget\" data-e-type=\"widget\" data-widget_type=\"text-editor.default\">\n\t\t\t\t\t\t\t\t\t<p>Meine Kanzlei liegt zwischen Himmel und Erde, <br \/>\u00fcber den D\u00e4chern \u00dcberlingens.<\/p>\t\t\t\t\t\t\t\t<\/div>\n\t\t\t\t<div class=\"elementor-element elementor-element-5021b05 elementor-widget elementor-widget-text-editor\" data-id=\"5021b05\" data-element_type=\"widget\" data-e-type=\"widget\" data-widget_type=\"text-editor.default\">\n\t\t\t\t\t\t\t\t\t<p>Kanzleiparkpl\u00e4tze befinden sich direkt vor dem Haus.\u00a0<\/p>\t\t\t\t\t\t\t\t<\/div>\n\t\t\t\t<\/div>\n\t\t\t\t\t<\/div>\n\t\t\t\t<\/div>\n\t\t<div class=\"elementor-element elementor-element-e39184c e-flex e-con-boxed e-con e-parent\" data-id=\"e39184c\" data-element_type=\"container\" data-e-type=\"container\" data-settings=\"{&quot;background_background&quot;:&quot;classic&quot;}\">\n\t\t\t\t\t<div class=\"e-con-inner\">\n\t\t<div class=\"elementor-element elementor-element-cbee679 e-flex e-con-boxed e-con e-child\" data-id=\"cbee679\" data-element_type=\"container\" data-e-type=\"container\" data-settings=\"{&quot;background_background&quot;:&quot;classic&quot;}\">\n\t\t\t\t\t<div class=\"e-con-inner\">\n\t\t<div class=\"elementor-element elementor-element-206e783 e-con-full e-flex e-con e-child\" data-id=\"206e783\" data-element_type=\"container\" data-e-type=\"container\" data-settings=\"{&quot;background_background&quot;:&quot;classic&quot;}\">\n\t\t\t\t<div class=\"elementor-element elementor-element-76796d3 elementor-widget__width-initial elementor-widget elementor-widget-heading\" data-id=\"76796d3\" data-element_type=\"widget\" data-e-type=\"widget\" data-widget_type=\"heading.default\">\n\t\t\t\t\t<h2 class=\"elementor-heading-title elementor-size-default\">Viele Konflikte lassen sich vermeiden, wenn fr\u00fchzeitig Vorsorge getroffen wird.<\/h2>\t\t\t\t<\/div>\n\t\t\t\t<\/div>\n\t\t\t\t\t<\/div>\n\t\t\t\t<\/div>\n\t\t\t\t\t<\/div>\n\t\t\t\t<\/div>\n\t\t\t\t<\/div>\n\t\t","protected":false},"excerpt":{"rendered":"<p>Vertrauensvoll ins Gespr\u00e4ch kommen Dr. Wetzel | Die RechtsanwaltskanzleiSankt-Ulrich-Stra\u00dfe 38 | 88662 \u00dcberlingen Telefon +49 7551 9535-0Fax +49 7551 953525E-Mail anwaelte@rawetzel.de Sie sehen gerade einen Platzhalterinhalt von Google Maps. Um auf den eigentlichen Inhalt zuzugreifen, klicken Sie auf die Schaltfl\u00e4che unten. Bitte beachten Sie, dass dabei Daten an Drittanbieter weitergegeben werden. Mehr Informationen Inhalt entsperren [&hellip;]<\/p>\n","protected":false},"author":1,"featured_media":22,"parent":0,"menu_order":0,"comment_status":"closed","ping_status":"closed","template":"elementor_header_footer","meta":{"footnotes":""},"class_list":["post-17","page","type-page","status-publish","has-post-thumbnail","hentry"],"_links":{"self":[{"href":"https:\/\/www.rawetzel.de\/wordpress-new\/wp-json\/wp\/v2\/pages\/17","targetHints":{"allow":["GET"]}}],"collection":[{"href":"https:\/\/www.rawetzel.de\/wordpress-new\/wp-json\/wp\/v2\/pages"}],"about":[{"href":"https:\/\/www.rawetzel.de\/wordpress-new\/wp-json\/wp\/v2\/types\/page"}],"author":[{"embeddable":true,"href":"https:\/\/www.rawetzel.de\/wordpress-new\/wp-json\/wp\/v2\/users\/1"}],"replies":[{"embeddable":true,"href":"https:\/\/www.rawetzel.de\/wordpress-new\/wp-json\/wp\/v2\/comments?post=17"}],"version-history":[{"count":62,"href":"https:\/\/www.rawetzel.de\/wordpress-new\/wp-json\/wp\/v2\/pages\/17\/revisions"}],"predecessor-version":[{"id":892,"href":"https:\/\/www.rawetzel.de\/wordpress-new\/wp-json\/wp\/v2\/pages\/17\/revisions\/892"}],"wp:featuredmedia":[{"embeddable":true,"href":"https:\/\/www.rawetzel.de\/wordpress-new\/wp-json\/wp\/v2\/media\/22"}],"wp:attachment":[{"href":"https:\/\/www.rawetzel.de\/wordpress-new\/wp-json\/wp\/v2\/media?parent=17"}],"curies":[{"name":"wp","href":"https:\/\/api.w.org\/{rel}","templated":true}]}}