{"id":519,"date":"2025-11-23T11:27:03","date_gmt":"2025-11-23T10:27:03","guid":{"rendered":"https:\/\/www.rawetzel.de\/wordpress-new\/?page_id=519"},"modified":"2025-12-03T17:11:31","modified_gmt":"2025-12-03T16:11:31","slug":"impressum","status":"publish","type":"page","link":"https:\/\/www.rawetzel.de\/wordpress-new\/impressum\/","title":{"rendered":"Impressum"},"content":{"rendered":"\t\t<div data-elementor-type=\"wp-page\" data-elementor-id=\"519\" class=\"elementor elementor-519\" data-elementor-post-type=\"page\">\n\t\t\t\t<div class=\"elementor-element elementor-element-24c16cf6 e-flex e-con-boxed e-con e-parent\" data-id=\"24c16cf6\" data-element_type=\"container\" data-e-type=\"container\">\n\t\t\t\t\t<div class=\"e-con-inner\">\n\t\t<div class=\"elementor-element elementor-element-71f79242 e-con-full e-flex e-con e-child\" data-id=\"71f79242\" data-element_type=\"container\" data-e-type=\"container\">\n\t\t\t\t<div class=\"elementor-element elementor-element-feb4d0b elementor-widget elementor-widget-text-editor\" data-id=\"feb4d0b\" data-element_type=\"widget\" data-e-type=\"widget\" data-widget_type=\"text-editor.default\">\n\t\t\t\t\t\t\t\t\t<div class=\"vc_row wpb_row vc_row-fluid vc_custom_1708853603989\"><div class=\"wpb_column vc_column_container vc_col-sm-12\"><div class=\"vc_column-inner\"><div class=\"wpb_wrapper\"><div class=\"wpb_text_column wpb_content_element \"><div class=\"wpb_wrapper\"><p class=\"bodytext\">Angaben nach der Dienstleistungs- und Informationspflichtverordnung (DL-InfoV):<\/p><\/div><\/div><\/div><\/div><\/div><\/div>\t\t\t\t\t\t\t\t<\/div>\n\t\t\t\t<div class=\"elementor-element elementor-element-c45dc90 elementor-invisible elementor-widget elementor-widget-heading\" data-id=\"c45dc90\" data-element_type=\"widget\" data-e-type=\"widget\" data-settings=\"{&quot;_animation&quot;:&quot;fadeIn&quot;}\" data-widget_type=\"heading.default\">\n\t\t\t\t\t<h2 class=\"elementor-heading-title elementor-size-default\">Annabell WEtzel<\/h2>\t\t\t\t<\/div>\n\t\t\t\t<div class=\"elementor-element elementor-element-c96f6c8 elementor-widget elementor-widget-text-editor\" data-id=\"c96f6c8\" data-element_type=\"widget\" data-e-type=\"widget\" data-widget_type=\"text-editor.default\">\n\t\t\t\t\t\t\t\t\t<p>Rechtsanw\u00e4ltin<\/p>\t\t\t\t\t\t\t\t<\/div>\n\t\t\t\t<\/div>\n\t\t\t\t\t<\/div>\n\t\t\t\t<\/div>\n\t\t<div class=\"elementor-element elementor-element-fc93e7f e-flex e-con-boxed e-con e-parent\" data-id=\"fc93e7f\" data-element_type=\"container\" data-e-type=\"container\">\n\t\t\t\t\t<div class=\"e-con-inner\">\n\t\t<div class=\"elementor-element elementor-element-565b03f e-con-full e-flex e-con e-child\" data-id=\"565b03f\" data-element_type=\"container\" data-e-type=\"container\">\n\t\t\t\t<div class=\"elementor-element elementor-element-f29e5ab elementor-widget elementor-widget-text-editor\" data-id=\"f29e5ab\" data-element_type=\"widget\" data-e-type=\"widget\" data-widget_type=\"text-editor.default\">\n\t\t\t\t\t\t\t\t\t<div class=\"vc_row wpb_row vc_row-fluid vc_custom_1708853603989\"><div class=\"wpb_column vc_column_container vc_col-sm-12\"><div class=\"vc_column-inner\"><div class=\"wpb_wrapper\"><div class=\"wpb_text_column wpb_content_element \"><div class=\"wpb_wrapper\"><p><b>DR. WETZEL\u00a0<br \/><\/b>Die Rechtsanwaltskanzlei<br \/>Sankt-Ulrich-Stra\u00dfe 38<br \/>D \u2013 88662 \u00dcberlingen<\/p><p class=\"bodytext\"><em><strong>Telefon<\/strong>:<\/em> +49 7551 9535 0<br \/><em><strong>Telefax<\/strong>:<\/em> +49 7551 953525<br \/><strong><em>E-Mail:<\/em><\/strong>\u00a0<a class=\"mail\" href=\"mailto:anwaelte@rawetzel.de\">anwaelte@rawetzel.de<\/a><\/p><\/div><\/div><\/div><\/div><\/div><\/div>\t\t\t\t\t\t\t\t<\/div>\n\t\t\t\t<\/div>\n\t\t<div class=\"elementor-element elementor-element-f38b42e e-con-full e-flex e-con e-child\" data-id=\"f38b42e\" data-element_type=\"container\" data-e-type=\"container\">\n\t\t\t\t<div class=\"elementor-element elementor-element-838d496 elementor-widget elementor-widget-text-editor\" data-id=\"838d496\" data-element_type=\"widget\" data-e-type=\"widget\" data-widget_type=\"text-editor.default\">\n\t\t\t\t\t\t\t\t\t<div class=\"vc_row wpb_row vc_row-fluid vc_custom_1708853603989\"><div class=\"wpb_column vc_column_container vc_col-sm-12\"><div class=\"vc_column-inner\"><div class=\"wpb_wrapper\"><div class=\"wpb_text_column wpb_content_element \"><div class=\"wpb_wrapper\"><p class=\"bodytext\"><b>Umsatzsteuernummer-Identifikationsnummer<\/b><\/p><p>ID: 87381\/16487<\/p><\/div><\/div><\/div><\/div><\/div><\/div>\t\t\t\t\t\t\t\t<\/div>\n\t\t\t\t<\/div>\n\t\t<div class=\"elementor-element elementor-element-f462840 e-con-full e-flex e-con e-child\" data-id=\"f462840\" data-element_type=\"container\" data-e-type=\"container\">\n\t\t\t\t<div class=\"elementor-element elementor-element-c3ac69a elementor-widget elementor-widget-text-editor\" data-id=\"c3ac69a\" data-element_type=\"widget\" data-e-type=\"widget\" data-widget_type=\"text-editor.default\">\n\t\t\t\t\t\t\t\t\t<div class=\"vc_row wpb_row vc_row-fluid vc_custom_1708853603989\"><div class=\"wpb_column vc_column_container vc_col-sm-12\"><div class=\"vc_column-inner\"><div class=\"wpb_wrapper\"><div class=\"wpb_text_column wpb_content_element \"><div class=\"wpb_wrapper\"><p class=\"bodytext\"><strong>Bildnachweis<\/strong><\/p><p>Nadine Knobel<\/p><\/div><\/div><\/div><\/div><\/div><\/div>\t\t\t\t\t\t\t\t<\/div>\n\t\t\t\t<\/div>\n\t\t\t\t\t<\/div>\n\t\t\t\t<\/div>\n\t\t<div class=\"elementor-element elementor-element-e4c4fa2 e-flex e-con-boxed e-con e-parent\" data-id=\"e4c4fa2\" data-element_type=\"container\" data-e-type=\"container\">\n\t\t\t\t\t<div class=\"e-con-inner\">\n\t\t<div class=\"elementor-element elementor-element-d86fc04 e-con-full e-flex e-con e-child\" data-id=\"d86fc04\" data-element_type=\"container\" data-e-type=\"container\">\n\t\t\t\t<div class=\"elementor-element elementor-element-d2e5263 elementor-widget elementor-widget-text-editor\" data-id=\"d2e5263\" data-element_type=\"widget\" data-e-type=\"widget\" data-widget_type=\"text-editor.default\">\n\t\t\t\t\t\t\t\t\t<p class=\"bodytext\"><b>Berufsbezeichnung und zust\u00e4ndige Kammer<\/b><\/p><p class=\"bodytext\">Die Berufsbezeichnung Rechtsanwalt ist durch die Bundesrepublik Deutschland verliehen. Die Rechtsanw\u00e4ltin Annabell Wetzel der Anwaltskanzlei DR. WETZEL ist nach dem Recht der Bundesrepublik Deutschland zugelassen und Mitglieder der Rechtsanwaltskammer Freiburg, Bertholdstr. 44,79098 Freiburg, <a href=\"http:\/\/www.rak-freiburg.de\/\" target=\"_blank\" rel=\"noopener\">www.rak-freiburg.de<\/a>.<\/p><p class=\"bodytext\"><b>Berufshaftpflichtversicherung<\/b><\/p><p>Allianz Versicherungs-AG<br \/>10900 Berlin<\/p><p class=\"bodytext\">R\u00e4umlicher Geltungsbereich: im gesamten Gebiet der Bundesrepublik Deutschland<\/p><p class=\"bodytext\"><b>Berufsrechtliche Regelungen<\/b><\/p><p>Es gelten folgende berufsrechtliche Regelungen:<\/p><p class=\"bodytext\"><a href=\"https:\/\/www.gesetze-im-internet.de\/brao\/\" target=\"_blank\" rel=\"noopener\">BRAO<\/a>\u00a0\u2013 Bundesrechtsanwaltsordnung<br \/>BORA \u2013 Berufsordnung f\u00fcr Rechtsanw\u00e4lte<br \/><a href=\"https:\/\/www.brak.de\/fileadmin\/02_fuer_anwaelte\/berufsrecht\/fao-stand-01.06.2022.pdf\" target=\"_blank\" rel=\"noopener\">FAO<\/a>\u00a0\u2013 Fachanwaltsordnung<br \/><a href=\"https:\/\/www.gesetze-im-internet.de\/rvg\/\" target=\"_blank\" rel=\"noopener\">RVG<\/a>\u00a0\u2013 Gesetz \u00fcber die Verg\u00fctung der Rechtsanw\u00e4ltinnen und Rechtsanw\u00e4lte<br \/><a href=\"https:\/\/www.brak.de\/fileadmin\/02_fuer_anwaelte\/Berufsregeln_Mai%202006_090615.pdf\" target=\"_blank\" rel=\"noopener\">CCBE<\/a>\u00a0\u2013 Berufsregeln der Rechtsanw\u00e4lte der Europ\u00e4ischen Union<\/p><p class=\"bodytext\">Die berufsrechtlichen Regelungen k\u00f6nnen \u00fcber die Homepage der Bundesrechtsanwaltskammer unter\u00a0<a href=\"http:\/\/www.brak.de\/\" target=\"_blank\" rel=\"noopener\">www.brak.de<\/a>\u00a0in der Rubrik \u201eBerufsrecht\u201c auf Deutsch und Englisch eingesehen und abgerufen werden.<\/p><p class=\"bodytext\"><b>Multidisziplin\u00e4re T\u00e4tigkeiten\/ berufliche Gemeinschaften<\/b><\/p><p class=\"bodytext\">Die Wahrnehmung widerstreitender Interessen ist Rechtsanw\u00e4lten aufgrund berufsrechtlicher Regelungen untersagt (\u00a7 43a Abs. 4 BRAO). Vor Annahme eines Mandates wird deshalb immer gepr\u00fcft, ob ein Interessenkonflikt vorliegt.<\/p><p class=\"bodytext\"><b>Au\u00dfergerichtliche Streitschlichtung<\/b><\/p><p>Bei Streitigkeiten zwischen Rechtsanw\u00e4lten und ihren Auftraggebern besteht auf Antrag die M\u00f6glichkeit der au\u00dfergerichtlichen Streitschlichtung bei der regionalen Rechtsanwaltskammer Freiburg (gem\u00e4\u00df \u00a7 73 Abs. 2 Nr. 3 i.V.m. \u00a7 73 Abs. 5 BRAO) oder bei der Schlichtungsstelle der Rechtsanwaltschaft bei der Bundesrechtsanwaltskammer (\u00a7 191f BRAO), im Internet zu finden \u00fcber die Homepage der Bundesrechtsanwaltskammer (<a href=\"http:\/\/www.brak.de\/\" target=\"_blank\" rel=\"noopener\">www.brak.de<\/a>), E-Mail:\u00a0<a href=\"mailto:schlichtungsstelle@brak.de\">schlichtungsstelle@brak.de<\/a>.<\/p>\t\t\t\t\t\t\t\t<\/div>\n\t\t\t\t<\/div>\n\t\t\t\t\t<\/div>\n\t\t\t\t<\/div>\n\t\t<div class=\"elementor-element elementor-element-94ebe6a e-flex e-con-boxed e-con e-parent\" data-id=\"94ebe6a\" data-element_type=\"container\" data-e-type=\"container\">\n\t\t\t\t\t<div class=\"e-con-inner\">\n\t\t<div class=\"elementor-element elementor-element-075f172 e-con-full e-flex e-con e-child\" data-id=\"075f172\" data-element_type=\"container\" data-e-type=\"container\">\n\t\t\t\t<div class=\"elementor-element elementor-element-f9c076d elementor-widget elementor-widget-text-editor\" data-id=\"f9c076d\" data-element_type=\"widget\" data-e-type=\"widget\" data-widget_type=\"text-editor.default\">\n\t\t\t\t\t\t\t\t\t<p class=\"bodytext\"><b>Layout + Konzeption<\/b><\/p><p class=\"bodytext\">Romana Erdl<\/p>\t\t\t\t\t\t\t\t<\/div>\n\t\t\t\t<\/div>\n\t\t<div class=\"elementor-element elementor-element-a29c912 e-con-full e-flex e-con e-child\" data-id=\"a29c912\" data-element_type=\"container\" data-e-type=\"container\">\n\t\t\t\t<div class=\"elementor-element elementor-element-f99cbdf elementor-widget elementor-widget-text-editor\" data-id=\"f99cbdf\" data-element_type=\"widget\" data-e-type=\"widget\" data-widget_type=\"text-editor.default\">\n\t\t\t\t\t\t\t\t\t<p class=\"bodytext\"><strong>Programmierung + Umsetzung<\/strong><\/p><p class=\"bodytext\">Sonja W\u00fcrden<br \/><a href=\"https:\/\/www.seitenwerker.de\" target=\"_blank\" rel=\"noopener\">www.seitenwerker.de<\/a><\/p>\t\t\t\t\t\t\t\t<\/div>\n\t\t\t\t<\/div>\n\t\t\t\t\t<\/div>\n\t\t\t\t<\/div>\n\t\t<div class=\"elementor-element elementor-element-e39184c e-flex e-con-boxed e-con e-parent\" data-id=\"e39184c\" data-element_type=\"container\" data-e-type=\"container\" data-settings=\"{&quot;background_background&quot;:&quot;classic&quot;}\">\n\t\t\t\t\t<div class=\"e-con-inner\">\n\t\t<div class=\"elementor-element elementor-element-cbee679 e-flex e-con-boxed e-con e-child\" data-id=\"cbee679\" data-element_type=\"container\" data-e-type=\"container\" data-settings=\"{&quot;background_background&quot;:&quot;classic&quot;}\">\n\t\t\t\t\t<div class=\"e-con-inner\">\n\t\t<div class=\"elementor-element elementor-element-206e783 e-con-full e-flex e-con e-child\" data-id=\"206e783\" data-element_type=\"container\" data-e-type=\"container\" data-settings=\"{&quot;background_background&quot;:&quot;classic&quot;}\">\n\t\t\t\t<div class=\"elementor-element elementor-element-76796d3 elementor-widget__width-initial elementor-widget elementor-widget-heading\" data-id=\"76796d3\" data-element_type=\"widget\" data-e-type=\"widget\" data-widget_type=\"heading.default\">\n\t\t\t\t\t<h2 class=\"elementor-heading-title elementor-size-default\">Viele Konflikte lassen sich vermeiden, wenn fr\u00fchzeitig Vorsorge getroffen wird..<\/h2>\t\t\t\t<\/div>\n\t\t\t\t<\/div>\n\t\t\t\t\t<\/div>\n\t\t\t\t<\/div>\n\t\t\t\t\t<\/div>\n\t\t\t\t<\/div>\n\t\t\t\t<\/div>\n\t\t","protected":false},"excerpt":{"rendered":"<p>Angaben nach der Dienstleistungs- und Informationspflichtverordnung (DL-InfoV): Annabell WEtzel Rechtsanw\u00e4ltin DR. WETZEL\u00a0Die RechtsanwaltskanzleiSankt-Ulrich-Stra\u00dfe 38D \u2013 88662 \u00dcberlingen Telefon: +49 7551 9535 0Telefax: +49 7551 953525E-Mail:\u00a0anwaelte@rawetzel.de Umsatzsteuernummer-Identifikationsnummer ID: 87381\/16487 Bildnachweis Nadine Knobel Berufsbezeichnung und zust\u00e4ndige Kammer Die Berufsbezeichnung Rechtsanwalt ist durch die Bundesrepublik Deutschland verliehen. Die Rechtsanw\u00e4ltin Annabell Wetzel der Anwaltskanzlei DR. WETZEL ist nach dem [&hellip;]<\/p>\n","protected":false},"author":1,"featured_media":22,"parent":0,"menu_order":0,"comment_status":"closed","ping_status":"closed","template":"elementor_header_footer","meta":{"footnotes":""},"class_list":["post-519","page","type-page","status-publish","has-post-thumbnail","hentry"],"_links":{"self":[{"href":"https:\/\/www.rawetzel.de\/wordpress-new\/wp-json\/wp\/v2\/pages\/519","targetHints":{"allow":["GET"]}}],"collection":[{"href":"https:\/\/www.rawetzel.de\/wordpress-new\/wp-json\/wp\/v2\/pages"}],"about":[{"href":"https:\/\/www.rawetzel.de\/wordpress-new\/wp-json\/wp\/v2\/types\/page"}],"author":[{"embeddable":true,"href":"https:\/\/www.rawetzel.de\/wordpress-new\/wp-json\/wp\/v2\/users\/1"}],"replies":[{"embeddable":true,"href":"https:\/\/www.rawetzel.de\/wordpress-new\/wp-json\/wp\/v2\/comments?post=519"}],"version-history":[{"count":34,"href":"https:\/\/www.rawetzel.de\/wordpress-new\/wp-json\/wp\/v2\/pages\/519\/revisions"}],"predecessor-version":[{"id":895,"href":"https:\/\/www.rawetzel.de\/wordpress-new\/wp-json\/wp\/v2\/pages\/519\/revisions\/895"}],"wp:featuredmedia":[{"embeddable":true,"href":"https:\/\/www.rawetzel.de\/wordpress-new\/wp-json\/wp\/v2\/media\/22"}],"wp:attachment":[{"href":"https:\/\/www.rawetzel.de\/wordpress-new\/wp-json\/wp\/v2\/media?parent=519"}],"curies":[{"name":"wp","href":"https:\/\/api.w.org\/{rel}","templated":true}]}}