{"id":604,"date":"2025-11-25T13:54:44","date_gmt":"2025-11-25T12:54:44","guid":{"rendered":"https:\/\/www.rawetzel.de\/wordpress-new\/?page_id=604"},"modified":"2026-02-01T14:37:24","modified_gmt":"2026-02-01T13:37:24","slug":"die-kanzlei","status":"publish","type":"page","link":"https:\/\/www.rawetzel.de\/wordpress-new\/die-kanzlei\/","title":{"rendered":"Die Kanzlei"},"content":{"rendered":"\t\t<div data-elementor-type=\"wp-page\" data-elementor-id=\"604\" class=\"elementor elementor-604\" data-elementor-post-type=\"page\">\n\t\t\t\t<div class=\"elementor-element elementor-element-e948000 e-flex e-con-boxed e-con e-parent\" data-id=\"e948000\" data-element_type=\"container\" data-e-type=\"container\" data-settings=\"{&quot;background_background&quot;:&quot;classic&quot;}\">\n\t\t\t\t\t<div class=\"e-con-inner\">\n\t\t<div class=\"elementor-element elementor-element-28f9299 e-con-full e-flex e-con e-child\" data-id=\"28f9299\" data-element_type=\"container\" data-e-type=\"container\" data-settings=\"{&quot;background_background&quot;:&quot;classic&quot;}\">\n\t\t\t\t<div class=\"elementor-element elementor-element-4425920 elementor-widget elementor-widget-image\" data-id=\"4425920\" data-element_type=\"widget\" data-e-type=\"widget\" data-widget_type=\"image.default\">\n\t\t\t\t\t\t\t\t\t\t\t\t\t\t\t<img fetchpriority=\"high\" decoding=\"async\" width=\"1000\" height=\"813\" src=\"https:\/\/www.rawetzel.de\/wordpress-new\/wp-content\/uploads\/2025\/11\/kanzleischild.jpg\" class=\"attachment-full size-full wp-image-200\" alt=\"\" srcset=\"https:\/\/www.rawetzel.de\/wordpress-new\/wp-content\/uploads\/2025\/11\/kanzleischild.jpg 1000w, https:\/\/www.rawetzel.de\/wordpress-new\/wp-content\/uploads\/2025\/11\/kanzleischild-300x244.jpg 300w, https:\/\/www.rawetzel.de\/wordpress-new\/wp-content\/uploads\/2025\/11\/kanzleischild-768x624.jpg 768w\" sizes=\"(max-width: 1000px) 100vw, 1000px\" \/>\t\t\t\t\t\t\t\t\t\t\t\t\t\t\t<\/div>\n\t\t\t\t<\/div>\n\t\t<div class=\"elementor-element elementor-element-07b238b e-con-full e-flex e-con e-child\" data-id=\"07b238b\" data-element_type=\"container\" data-e-type=\"container\" data-settings=\"{&quot;background_background&quot;:&quot;classic&quot;}\">\n\t\t\t\t<div class=\"elementor-element elementor-element-c923444 elementor-widget elementor-widget-heading\" data-id=\"c923444\" data-element_type=\"widget\" data-e-type=\"widget\" data-widget_type=\"heading.default\">\n\t\t\t\t\t<h2 class=\"elementor-heading-title elementor-size-default\">Kanzlei Dr. wetzel<\/h2>\t\t\t\t<\/div>\n\t\t\t\t<div class=\"elementor-element elementor-element-75f9137 elementor-widget elementor-widget-heading\" data-id=\"75f9137\" data-element_type=\"widget\" data-e-type=\"widget\" data-widget_type=\"heading.default\">\n\t\t\t\t\t<h2 class=\"elementor-heading-title elementor-size-default\">die \u00e4lteste kanzlei<\/h2>\t\t\t\t<\/div>\n\t\t\t\t<div class=\"elementor-element elementor-element-b6491fd elementor-widget elementor-widget-heading\" data-id=\"b6491fd\" data-element_type=\"widget\" data-e-type=\"widget\" data-widget_type=\"heading.default\">\n\t\t\t\t\t<h2 class=\"elementor-heading-title elementor-size-default\">in \u00fcberlingen<\/h2>\t\t\t\t<\/div>\n\t\t\t\t<div class=\"elementor-element elementor-element-b6aafa1 elementor-widget elementor-widget-spacer\" data-id=\"b6aafa1\" data-element_type=\"widget\" data-e-type=\"widget\" data-widget_type=\"spacer.default\">\n\t\t\t\t\t\t\t<div class=\"elementor-spacer\">\n\t\t\t<div class=\"elementor-spacer-inner\"><\/div>\n\t\t<\/div>\n\t\t\t\t\t\t<\/div>\n\t\t\t\t<div class=\"elementor-element elementor-element-090bd59 elementor-widget elementor-widget-text-editor\" data-id=\"090bd59\" data-element_type=\"widget\" data-e-type=\"widget\" data-widget_type=\"text-editor.default\">\n\t\t\t\t\t\t\t\t\t<p>Gegr\u00fcndet von Rechtsanwalt Anton Wilhelm Schelle, \u00fcber 40 Jahre gef\u00fchrt von Rechtsanwalt Dr. Hans-Peter Wetzel und heute von mir \u2013 Rechtsanw\u00e4ltin Annabell Wetzel.<\/p><p>Die Kanzlei steht f\u00fcr juristische Pr\u00e4zision, Unabh\u00e4ngigkeit und Verl\u00e4sslichkeit.<\/p><p><strong><em>Ich verbinde Tradition mit einem modernen Verst\u00e4ndnis von Recht \u2013 zug\u00e4nglich, l\u00f6sungsorientiert, digital.<\/em><\/strong><\/p>\t\t\t\t\t\t\t\t<\/div>\n\t\t\t\t<\/div>\n\t\t\t\t\t<\/div>\n\t\t\t\t<\/div>\n\t\t<div class=\"elementor-element elementor-element-e022f36 e-flex e-con-boxed e-con e-parent\" data-id=\"e022f36\" data-element_type=\"container\" data-e-type=\"container\" data-settings=\"{&quot;background_background&quot;:&quot;classic&quot;}\">\n\t\t\t\t\t<div class=\"e-con-inner\">\n\t\t<div class=\"elementor-element elementor-element-4dec9c9 e-con-full e-flex e-con e-child\" data-id=\"4dec9c9\" data-element_type=\"container\" data-e-type=\"container\" data-settings=\"{&quot;background_background&quot;:&quot;classic&quot;}\">\n\t\t\t\t<div class=\"elementor-element elementor-element-a420e10 elementor-widget elementor-widget-heading\" data-id=\"a420e10\" data-element_type=\"widget\" data-e-type=\"widget\" data-widget_type=\"heading.default\">\n\t\t\t\t\t<h2 class=\"elementor-heading-title elementor-size-default\">Namensgeber<\/h2>\t\t\t\t<\/div>\n\t\t\t\t<div class=\"elementor-element elementor-element-673d009 elementor-widget elementor-widget-heading\" data-id=\"673d009\" data-element_type=\"widget\" data-e-type=\"widget\" data-widget_type=\"heading.default\">\n\t\t\t\t\t<h2 class=\"elementor-heading-title elementor-size-default\">Rechtsanwalt<\/h2>\t\t\t\t<\/div>\n\t\t\t\t<div class=\"elementor-element elementor-element-8a31ca4 elementor-widget elementor-widget-heading\" data-id=\"8a31ca4\" data-element_type=\"widget\" data-e-type=\"widget\" data-widget_type=\"heading.default\">\n\t\t\t\t\t<h2 class=\"elementor-heading-title elementor-size-default\">Dr. Hans-Peter WEtzel<\/h2>\t\t\t\t<\/div>\n\t\t\t\t<div class=\"elementor-element elementor-element-44d1450 elementor-widget elementor-widget-spacer\" data-id=\"44d1450\" data-element_type=\"widget\" data-e-type=\"widget\" data-widget_type=\"spacer.default\">\n\t\t\t\t\t\t\t<div class=\"elementor-spacer\">\n\t\t\t<div class=\"elementor-spacer-inner\"><\/div>\n\t\t<\/div>\n\t\t\t\t\t\t<\/div>\n\t\t\t\t<div class=\"elementor-element elementor-element-67f6b3b elementor-widget elementor-widget-text-editor\" data-id=\"67f6b3b\" data-element_type=\"widget\" data-e-type=\"widget\" data-widget_type=\"text-editor.default\">\n\t\t\t\t\t\t\t\t\t<p>Mit gro\u00dfer Dankbarkeit erinnere ich an meinen Vater, Dr. Hans-Peter Wetzel (1950 \u2013 2025), der die Kanzlei \u00fcber mehr als vier Jahrzehnte ma\u00dfgeblich pr\u00e4gte und Namensgeber der Kanzlei ist.<\/p><p>Dr. Wetzel war\u00a0 Dipl.-Betriebswirt (FH) und promovierter Volljurist. 1981 wurde er zur Rechtsanwaltschaft zugelassen und \u00fcbernahm 1984 als Inhaber die Kanzlei von dem Kanzleigr\u00fcnder Anton Wilhelm Schelle.<\/p><p>Im Lauf seiner Rechtsanwaltst\u00e4tigkeit wurden in der Kanzlei die Schwerpunkte im Erbrecht, im Steuerrecht sowie in der Nachfolge gesetzt.<\/p><p>Neben seiner anwaltlichen T\u00e4tigkeit widmete sich Dr. Hans-Peter Wetzel stets auch der juristischen Lehre und Wissenschaft. Er war Autor mehrerer Fachver\u00f6ffentlichungen und wirkte an Lehr- und Handb\u00fcchern f\u00fcr die juristische Ausbildung mit \u2013 unter anderem als Mitautor im C.H. Beck Verlag. Auch engagierter sich Dr. Wetzel politisch und gesellschaftlich.<\/p>\t\t\t\t\t\t\t\t<\/div>\n\t\t\t\t<\/div>\n\t\t<div class=\"elementor-element elementor-element-0bb319c e-con-full e-flex e-con e-child\" data-id=\"0bb319c\" data-element_type=\"container\" data-e-type=\"container\" data-settings=\"{&quot;background_background&quot;:&quot;classic&quot;}\">\n\t\t\t\t<div class=\"elementor-element elementor-element-1d07a95 elementor-widget elementor-widget-image\" data-id=\"1d07a95\" data-element_type=\"widget\" data-e-type=\"widget\" data-widget_type=\"image.default\">\n\t\t\t\t\t\t\t\t\t\t\t\t\t\t\t<img decoding=\"async\" width=\"786\" height=\"1024\" src=\"https:\/\/www.rawetzel.de\/wordpress-new\/wp-content\/uploads\/2025\/11\/hofstatt-786x1024.jpg\" class=\"attachment-large size-large wp-image-611\" alt=\"\" srcset=\"https:\/\/www.rawetzel.de\/wordpress-new\/wp-content\/uploads\/2025\/11\/hofstatt-786x1024.jpg 786w, https:\/\/www.rawetzel.de\/wordpress-new\/wp-content\/uploads\/2025\/11\/hofstatt-230x300.jpg 230w, https:\/\/www.rawetzel.de\/wordpress-new\/wp-content\/uploads\/2025\/11\/hofstatt-768x1001.jpg 768w, https:\/\/www.rawetzel.de\/wordpress-new\/wp-content\/uploads\/2025\/11\/hofstatt-1179x1536.jpg 1179w, https:\/\/www.rawetzel.de\/wordpress-new\/wp-content\/uploads\/2025\/11\/hofstatt.jpg 1228w\" sizes=\"(max-width: 786px) 100vw, 786px\" \/>\t\t\t\t\t\t\t\t\t\t\t\t\t\t\t<\/div>\n\t\t\t\t<\/div>\n\t\t\t\t\t<\/div>\n\t\t\t\t<\/div>\n\t\t<div class=\"elementor-element elementor-element-76500ec e-flex e-con-boxed e-con e-parent\" data-id=\"76500ec\" data-element_type=\"container\" data-e-type=\"container\" data-settings=\"{&quot;background_background&quot;:&quot;classic&quot;}\">\n\t\t\t\t\t<div class=\"e-con-inner\">\n\t\t<div class=\"elementor-element elementor-element-409fbfd e-con-full e-flex e-con e-child\" data-id=\"409fbfd\" data-element_type=\"container\" data-e-type=\"container\" data-settings=\"{&quot;background_background&quot;:&quot;classic&quot;}\">\n\t\t\t\t<div class=\"elementor-element elementor-element-899c82c elementor-widget elementor-widget-image\" data-id=\"899c82c\" data-element_type=\"widget\" data-e-type=\"widget\" data-widget_type=\"image.default\">\n\t\t\t\t\t\t\t\t\t\t\t\t\t\t\t<img decoding=\"async\" width=\"786\" height=\"1024\" src=\"https:\/\/www.rawetzel.de\/wordpress-new\/wp-content\/uploads\/2025\/12\/erbrecht-1.jpg\" class=\"attachment-large size-large wp-image-938\" alt=\"\" srcset=\"https:\/\/www.rawetzel.de\/wordpress-new\/wp-content\/uploads\/2025\/12\/erbrecht-1.jpg 786w, https:\/\/www.rawetzel.de\/wordpress-new\/wp-content\/uploads\/2025\/12\/erbrecht-1-230x300.jpg 230w, https:\/\/www.rawetzel.de\/wordpress-new\/wp-content\/uploads\/2025\/12\/erbrecht-1-768x1001.jpg 768w\" sizes=\"(max-width: 786px) 100vw, 786px\" \/>\t\t\t\t\t\t\t\t\t\t\t\t\t\t\t<\/div>\n\t\t\t\t<\/div>\n\t\t<div class=\"elementor-element elementor-element-7cc8039 e-con-full e-flex e-con e-child\" data-id=\"7cc8039\" data-element_type=\"container\" data-e-type=\"container\" data-settings=\"{&quot;background_background&quot;:&quot;classic&quot;}\">\n\t\t\t\t<div class=\"elementor-element elementor-element-f9723be elementor-widget elementor-widget-heading\" data-id=\"f9723be\" data-element_type=\"widget\" data-e-type=\"widget\" data-widget_type=\"heading.default\">\n\t\t\t\t\t<h2 class=\"elementor-heading-title elementor-size-default\">Kanzleigr\u00fcnder<\/h2>\t\t\t\t<\/div>\n\t\t\t\t<div class=\"elementor-element elementor-element-a236ee4 elementor-widget elementor-widget-heading\" data-id=\"a236ee4\" data-element_type=\"widget\" data-e-type=\"widget\" data-widget_type=\"heading.default\">\n\t\t\t\t\t<h2 class=\"elementor-heading-title elementor-size-default\">Anton Wilhelm Schelle<\/h2>\t\t\t\t<\/div>\n\t\t\t\t<div class=\"elementor-element elementor-element-518decd elementor-widget elementor-widget-spacer\" data-id=\"518decd\" data-element_type=\"widget\" data-e-type=\"widget\" data-widget_type=\"spacer.default\">\n\t\t\t\t\t\t\t<div class=\"elementor-spacer\">\n\t\t\t<div class=\"elementor-spacer-inner\"><\/div>\n\t\t<\/div>\n\t\t\t\t\t\t<\/div>\n\t\t\t\t<div class=\"elementor-element elementor-element-9fea6c0 elementor-widget elementor-widget-text-editor\" data-id=\"9fea6c0\" data-element_type=\"widget\" data-e-type=\"widget\" data-widget_type=\"text-editor.default\">\n\t\t\t\t\t\t\t\t\t<p>Rechtsanwalt Anton Wilhelm Schelle (1909\u20131982) gr\u00fcndete im Jahr 1946 die Kanzlei in \u00dcberlingen.<\/p><p>Neben seiner anwaltlichen T\u00e4tigkeit pr\u00e4gte er als Oberb\u00fcrgermeister der Stadt \u00dcberlingen (1948\u20131969) die Entwicklung der Stadt in der Nachkriegs- und Aufbauzeit entscheidend mit.<\/p><p>Mit Weitsicht und juristischem Sachverstand f\u00fchrte er \u00dcberlingen durch eine Phase des Wandels und legte zugleich den Grundstein f\u00fcr eine Kanzlei, die bis heute f\u00fcr rechtliche Qualit\u00e4t und Verl\u00e4sslichkeit steht.<\/p><p>Sein Name bleibt untrennbar mit der Stadt und der Kanzlei verbunden \u2013 als Sinnbild f\u00fcr Verantwortungsbewusstsein, Best\u00e4ndigkeit und juristische Integrit\u00e4t.<\/p>\t\t\t\t\t\t\t\t<\/div>\n\t\t\t\t<\/div>\n\t\t\t\t\t<\/div>\n\t\t\t\t<\/div>\n\t\t<div class=\"elementor-element elementor-element-e39184c e-flex e-con-boxed e-con e-parent\" data-id=\"e39184c\" data-element_type=\"container\" data-e-type=\"container\" data-settings=\"{&quot;background_background&quot;:&quot;classic&quot;}\">\n\t\t\t\t\t<div class=\"e-con-inner\">\n\t\t<div class=\"elementor-element elementor-element-cbee679 e-flex e-con-boxed e-con e-child\" data-id=\"cbee679\" data-element_type=\"container\" data-e-type=\"container\" data-settings=\"{&quot;background_background&quot;:&quot;classic&quot;}\">\n\t\t\t\t\t<div class=\"e-con-inner\">\n\t\t<div class=\"elementor-element elementor-element-206e783 e-con-full e-flex e-con e-child\" data-id=\"206e783\" data-element_type=\"container\" data-e-type=\"container\" data-settings=\"{&quot;background_background&quot;:&quot;classic&quot;}\">\n\t\t\t\t<div class=\"elementor-element elementor-element-76796d3 elementor-widget__width-initial elementor-widget elementor-widget-heading\" data-id=\"76796d3\" data-element_type=\"widget\" data-e-type=\"widget\" data-widget_type=\"heading.default\">\n\t\t\t\t\t<h2 class=\"elementor-heading-title elementor-size-default\">Viele Konflikte lassen sich vermeiden, wenn fr\u00fchzeitig Vorsorge getroffen wird.<\/h2>\t\t\t\t<\/div>\n\t\t\t\t<\/div>\n\t\t\t\t\t<\/div>\n\t\t\t\t<\/div>\n\t\t\t\t\t<\/div>\n\t\t\t\t<\/div>\n\t\t\t\t<\/div>\n\t\t","protected":false},"excerpt":{"rendered":"<p>Kanzlei Dr. wetzel die \u00e4lteste kanzlei in \u00fcberlingen Gegr\u00fcndet von Rechtsanwalt Anton Wilhelm Schelle, \u00fcber 40 Jahre gef\u00fchrt von Rechtsanwalt Dr. Hans-Peter Wetzel und heute von mir \u2013 Rechtsanw\u00e4ltin Annabell Wetzel. Die Kanzlei steht f\u00fcr juristische Pr\u00e4zision, Unabh\u00e4ngigkeit und Verl\u00e4sslichkeit. Ich verbinde Tradition mit einem modernen Verst\u00e4ndnis von Recht \u2013 zug\u00e4nglich, l\u00f6sungsorientiert, digital. Namensgeber Rechtsanwalt [&hellip;]<\/p>\n","protected":false},"author":1,"featured_media":22,"parent":0,"menu_order":0,"comment_status":"closed","ping_status":"closed","template":"elementor_header_footer","meta":{"footnotes":""},"class_list":["post-604","page","type-page","status-publish","has-post-thumbnail","hentry"],"_links":{"self":[{"href":"https:\/\/www.rawetzel.de\/wordpress-new\/wp-json\/wp\/v2\/pages\/604","targetHints":{"allow":["GET"]}}],"collection":[{"href":"https:\/\/www.rawetzel.de\/wordpress-new\/wp-json\/wp\/v2\/pages"}],"about":[{"href":"https:\/\/www.rawetzel.de\/wordpress-new\/wp-json\/wp\/v2\/types\/page"}],"author":[{"embeddable":true,"href":"https:\/\/www.rawetzel.de\/wordpress-new\/wp-json\/wp\/v2\/users\/1"}],"replies":[{"embeddable":true,"href":"https:\/\/www.rawetzel.de\/wordpress-new\/wp-json\/wp\/v2\/comments?post=604"}],"version-history":[{"count":32,"href":"https:\/\/www.rawetzel.de\/wordpress-new\/wp-json\/wp\/v2\/pages\/604\/revisions"}],"predecessor-version":[{"id":944,"href":"https:\/\/www.rawetzel.de\/wordpress-new\/wp-json\/wp\/v2\/pages\/604\/revisions\/944"}],"wp:featuredmedia":[{"embeddable":true,"href":"https:\/\/www.rawetzel.de\/wordpress-new\/wp-json\/wp\/v2\/media\/22"}],"wp:attachment":[{"href":"https:\/\/www.rawetzel.de\/wordpress-new\/wp-json\/wp\/v2\/media?parent=604"}],"curies":[{"name":"wp","href":"https:\/\/api.w.org\/{rel}","templated":true}]}}