{"id":747,"date":"2025-11-28T09:27:24","date_gmt":"2025-11-28T08:27:24","guid":{"rendered":"https:\/\/www.rawetzel.de\/wordpress-new\/?page_id=747"},"modified":"2026-02-01T14:35:50","modified_gmt":"2026-02-01T13:35:50","slug":"testament-vorsorge","status":"publish","type":"page","link":"https:\/\/www.rawetzel.de\/wordpress-new\/testament-vorsorge\/","title":{"rendered":"Testament und Vorsorge"},"content":{"rendered":"\t\t<div data-elementor-type=\"wp-page\" data-elementor-id=\"747\" class=\"elementor elementor-747\" data-elementor-post-type=\"page\">\n\t\t\t\t<div class=\"elementor-element elementor-element-e948000 e-flex e-con-boxed e-con e-parent\" data-id=\"e948000\" data-element_type=\"container\" data-e-type=\"container\" data-settings=\"{&quot;background_background&quot;:&quot;classic&quot;}\">\n\t\t\t\t\t<div class=\"e-con-inner\">\n\t\t<div class=\"elementor-element elementor-element-07b238b e-con-full e-flex e-con e-child\" data-id=\"07b238b\" data-element_type=\"container\" data-e-type=\"container\" data-settings=\"{&quot;background_background&quot;:&quot;classic&quot;}\">\n\t\t\t\t<div class=\"elementor-element elementor-element-74015d6 elementor-widget elementor-widget-heading\" data-id=\"74015d6\" data-element_type=\"widget\" data-e-type=\"widget\" data-widget_type=\"heading.default\">\n\t\t\t\t\t<h2 class=\"elementor-heading-title elementor-size-default\">wenn das schicksal<\/h2>\t\t\t\t<\/div>\n\t\t\t\t<div class=\"elementor-element elementor-element-75f9137 elementor-widget elementor-widget-heading\" data-id=\"75f9137\" data-element_type=\"widget\" data-e-type=\"widget\" data-widget_type=\"heading.default\">\n\t\t\t\t\t<h2 class=\"elementor-heading-title elementor-size-default\">keine Zeit l\u00e4sst<\/h2>\t\t\t\t<\/div>\n\t\t\t\t<\/div>\n\t\t<div class=\"elementor-element elementor-element-28f9299 e-con-full e-flex e-con e-child\" data-id=\"28f9299\" data-element_type=\"container\" data-e-type=\"container\" data-settings=\"{&quot;background_background&quot;:&quot;classic&quot;}\">\n\t\t\t\t<div class=\"elementor-element elementor-element-c486b31 elementor-widget elementor-widget-heading\" data-id=\"c486b31\" data-element_type=\"widget\" data-e-type=\"widget\" data-widget_type=\"heading.default\">\n\t\t\t\t\t<h2 class=\"elementor-heading-title elementor-size-default\">Testament und Vorsorge<\/h2>\t\t\t\t<\/div>\n\t\t\t\t<div class=\"elementor-element elementor-element-ee71a59 elementor-widget elementor-widget-heading\" data-id=\"ee71a59\" data-element_type=\"widget\" data-e-type=\"widget\" data-widget_type=\"heading.default\">\n\t\t\t\t\t<h2 class=\"elementor-heading-title elementor-size-default\">in Eilf\u00e4llen<\/h2>\t\t\t\t<\/div>\n\t\t\t\t<\/div>\n\t\t\t\t\t<\/div>\n\t\t\t\t<\/div>\n\t\t<div class=\"elementor-element elementor-element-76500ec e-flex e-con-boxed e-con e-parent\" data-id=\"76500ec\" data-element_type=\"container\" data-e-type=\"container\" data-settings=\"{&quot;background_background&quot;:&quot;classic&quot;}\">\n\t\t\t\t\t<div class=\"e-con-inner\">\n\t\t<div class=\"elementor-element elementor-element-409fbfd e-con-full e-flex e-con e-child\" data-id=\"409fbfd\" data-element_type=\"container\" data-e-type=\"container\" data-settings=\"{&quot;background_background&quot;:&quot;classic&quot;}\">\n\t\t\t\t<div class=\"elementor-element elementor-element-606a8f4 elementor-widget elementor-widget-image\" data-id=\"606a8f4\" data-element_type=\"widget\" data-e-type=\"widget\" data-widget_type=\"image.default\">\n\t\t\t\t\t\t\t\t\t\t\t\t\t\t\t<img fetchpriority=\"high\" decoding=\"async\" width=\"800\" height=\"650\" src=\"https:\/\/www.rawetzel.de\/wordpress-new\/wp-content\/uploads\/2025\/12\/annabell-wetzel-2025.jpg\" class=\"attachment-large size-large wp-image-850\" alt=\"\" srcset=\"https:\/\/www.rawetzel.de\/wordpress-new\/wp-content\/uploads\/2025\/12\/annabell-wetzel-2025.jpg 1000w, https:\/\/www.rawetzel.de\/wordpress-new\/wp-content\/uploads\/2025\/12\/annabell-wetzel-2025-300x244.jpg 300w, https:\/\/www.rawetzel.de\/wordpress-new\/wp-content\/uploads\/2025\/12\/annabell-wetzel-2025-768x624.jpg 768w\" sizes=\"(max-width: 800px) 100vw, 800px\" \/>\t\t\t\t\t\t\t\t\t\t\t\t\t\t\t<\/div>\n\t\t\t\t<\/div>\n\t\t<div class=\"elementor-element elementor-element-07a6696 e-con-full e-flex e-con e-child\" data-id=\"07a6696\" data-element_type=\"container\" data-e-type=\"container\" data-settings=\"{&quot;background_background&quot;:&quot;classic&quot;}\">\n\t\t\t\t<div class=\"elementor-element elementor-element-5d27295 elementor-widget elementor-widget-text-editor\" data-id=\"5d27295\" data-element_type=\"widget\" data-e-type=\"widget\" data-widget_type=\"text-editor.default\">\n\t\t\t\t\t\t\t\t\t<p><em><strong>Nicht immer l\u00e4sst sich das Leben planen.<\/strong><\/em><br \/>Manchmal f\u00fchren Ereignisse \u2013 eine pl\u00f6tzliche Erkrankung, ein Unfall oder ein unerwarteter Abschied \u2013 dazu, dass wichtige Entscheidungen ganz pl\u00f6tzlich getroffen werden m\u00fcssen.<\/p><p>Auch wenn es w\u00fcnschenswert ist, f\u00fcr die Gestaltung eines Testaments oder einer Vorsorgevollmacht ausreichend Zeit zu haben, wei\u00df ich: Das Schicksal h\u00e4lt sich selten an Zeitpl\u00e4ne.<\/p><p>In solchen Momenten stehe ich Ihnen kurzfristig und zuverl\u00e4ssig zur Seite, um gemeinsam die notwendigen rechtlichen Schritte zu gehen \u2013 mit klarem juristischem Blick, aber auch mit Verst\u00e4ndnis und Einf\u00fchlungsverm\u00f6gen f\u00fcr Ihre pers\u00f6nliche Situation.<\/p><p>Ich unterst\u00fctze Sie dabei, dass Ihr Wille klar, rechtssicher und in Ihrem Sinne festgehalten wird \u2013 auch dann, wenn es schnell gehen muss.<\/p><p>Kontaktieren Sie mich gerne, wenn Sie kurzfristig Vorsorge treffen oder ein Testament errichten m\u00f6chten. Ich helfe Ihnen, in einer schwierigen Situation Ruhe, Orientierung und Sicherheit zu finden.<\/p>\t\t\t\t\t\t\t\t<\/div>\n\t\t\t\t<div class=\"elementor-element elementor-element-a666e1f elementor-widget__width-inherit elementor-widget elementor-widget-button\" data-id=\"a666e1f\" data-element_type=\"widget\" data-e-type=\"widget\" data-widget_type=\"button.default\">\n\t\t\t\t\t\t\t\t\t\t<a class=\"elementor-button elementor-button-link elementor-size-sm\" href=\"https:\/\/www.rawetzel.de\/wordpress-new\/kontakt\/\">\n\t\t\t\t\t\t<span class=\"elementor-button-content-wrapper\">\n\t\t\t\t\t\t\t\t\t<span class=\"elementor-button-text\">Kontakt<\/span>\n\t\t\t\t\t<\/span>\n\t\t\t\t\t<\/a>\n\t\t\t\t\t\t\t\t<\/div>\n\t\t\t\t<\/div>\n\t\t\t\t\t<\/div>\n\t\t\t\t<\/div>\n\t\t<div class=\"elementor-element elementor-element-e39184c e-flex e-con-boxed e-con e-parent\" data-id=\"e39184c\" data-element_type=\"container\" data-e-type=\"container\" data-settings=\"{&quot;background_background&quot;:&quot;classic&quot;}\">\n\t\t\t\t\t<div class=\"e-con-inner\">\n\t\t<div class=\"elementor-element elementor-element-cbee679 e-flex e-con-boxed e-con e-child\" data-id=\"cbee679\" data-element_type=\"container\" data-e-type=\"container\" data-settings=\"{&quot;background_background&quot;:&quot;classic&quot;}\">\n\t\t\t\t\t<div class=\"e-con-inner\">\n\t\t<div class=\"elementor-element elementor-element-206e783 e-con-full e-flex e-con e-child\" data-id=\"206e783\" data-element_type=\"container\" data-e-type=\"container\" data-settings=\"{&quot;background_background&quot;:&quot;classic&quot;}\">\n\t\t\t\t<div class=\"elementor-element elementor-element-76796d3 elementor-widget__width-initial elementor-widget elementor-widget-heading\" data-id=\"76796d3\" data-element_type=\"widget\" data-e-type=\"widget\" data-widget_type=\"heading.default\">\n\t\t\t\t\t<h2 class=\"elementor-heading-title elementor-size-default\">Viele Konflikte lassen sich vermeiden, wenn fr\u00fchzeitig Vorsorge getroffen wird.<\/h2>\t\t\t\t<\/div>\n\t\t\t\t<\/div>\n\t\t\t\t\t<\/div>\n\t\t\t\t<\/div>\n\t\t\t\t\t<\/div>\n\t\t\t\t<\/div>\n\t\t\t\t<\/div>\n\t\t","protected":false},"excerpt":{"rendered":"<p>wenn das schicksal keine Zeit l\u00e4sst Testament und Vorsorge in Eilf\u00e4llen Nicht immer l\u00e4sst sich das Leben planen.Manchmal f\u00fchren Ereignisse \u2013 eine pl\u00f6tzliche Erkrankung, ein Unfall oder ein unerwarteter Abschied \u2013 dazu, dass wichtige Entscheidungen ganz pl\u00f6tzlich getroffen werden m\u00fcssen. Auch wenn es w\u00fcnschenswert ist, f\u00fcr die Gestaltung eines Testaments oder einer Vorsorgevollmacht ausreichend Zeit [&hellip;]<\/p>\n","protected":false},"author":1,"featured_media":22,"parent":0,"menu_order":0,"comment_status":"closed","ping_status":"closed","template":"elementor_header_footer","meta":{"footnotes":""},"class_list":["post-747","page","type-page","status-publish","has-post-thumbnail","hentry"],"_links":{"self":[{"href":"https:\/\/www.rawetzel.de\/wordpress-new\/wp-json\/wp\/v2\/pages\/747","targetHints":{"allow":["GET"]}}],"collection":[{"href":"https:\/\/www.rawetzel.de\/wordpress-new\/wp-json\/wp\/v2\/pages"}],"about":[{"href":"https:\/\/www.rawetzel.de\/wordpress-new\/wp-json\/wp\/v2\/types\/page"}],"author":[{"embeddable":true,"href":"https:\/\/www.rawetzel.de\/wordpress-new\/wp-json\/wp\/v2\/users\/1"}],"replies":[{"embeddable":true,"href":"https:\/\/www.rawetzel.de\/wordpress-new\/wp-json\/wp\/v2\/comments?post=747"}],"version-history":[{"count":38,"href":"https:\/\/www.rawetzel.de\/wordpress-new\/wp-json\/wp\/v2\/pages\/747\/revisions"}],"predecessor-version":[{"id":982,"href":"https:\/\/www.rawetzel.de\/wordpress-new\/wp-json\/wp\/v2\/pages\/747\/revisions\/982"}],"wp:featuredmedia":[{"embeddable":true,"href":"https:\/\/www.rawetzel.de\/wordpress-new\/wp-json\/wp\/v2\/media\/22"}],"wp:attachment":[{"href":"https:\/\/www.rawetzel.de\/wordpress-new\/wp-json\/wp\/v2\/media?parent=747"}],"curies":[{"name":"wp","href":"https:\/\/api.w.org\/{rel}","templated":true}]}}